{"id":376,"date":"2024-01-17T10:05:55","date_gmt":"2024-01-17T10:05:55","guid":{"rendered":"https:\/\/witrans.lu\/?page_id=376"},"modified":"2024-01-17T10:06:03","modified_gmt":"2024-01-17T10:06:03","slug":"impressum","status":"publish","type":"page","link":"https:\/\/witrans.lu\/?page_id=376","title":{"rendered":"Impressum"},"content":{"rendered":"<h2><p>Impressum<\/h2>\n<p><strong>Verantwortlicher Herausgeber:<\/strong><br \/>\nWitrans S.A.R.L<br \/>\n58 RUE DU X SEPTEMBRE<br \/>\nL-9560 WILTZ<br \/>\nTel.: (+352) 26 95 31 97<\/p>\n<p>Copyright:\u00a0\u00a9 2024 Witrans S.A.R.L <\/p>\n<p>Alle Rechte vorbehalten. Text, Bilder und Grafiken sowie deren Anordnung auf dieser Website unterliegen dem Schutz des Urheberrechts und anderer Schutzgesetze. Der Inhalt dieser Website darf nicht zu kommerziellen Zwecken kopiert, verbreitet, ver\u00e4ndert oder Dritten zug\u00e4nglich gemacht werden. Die Website enth\u00e4lt au\u00dferdem Bilder und Links, die ganz oder teilweise dem Copyright Dritter unterliegen. Das in der Website enthaltene geistige Eigentum ist gesch\u00fctzt. Durch die Ver\u00f6ffentlichung dieser Website erteilen die Produzenten keine Lizenz zur Nutzung dieses Eigentums an Dritte.<\/p>\n<p><strong>Haftungshinweis:<\/strong><br \/>\nDie Nachrichten auf dieser Internetseite wurden mit der nach den Umst\u00e4nden gebotenen Sorgfalt auf Inhalt, Herkunft und Wahrheit gepr\u00fcft. Es wird keine Gew\u00e4hr f\u00fcr die Vollst\u00e4ndigkeit, Richtigkeit oder Aktualit\u00e4t sowie die jederzeitige Verf\u00fcgbarkeit der bereitgestellten Informationen \u00fcbernommen. Eine Haftung f\u00fcr Sch\u00e4den, die aus der Nutzung oder Nichtnutzung der auf dieser Internetseite angebotenen Informationen oder das Aufrufen oder Herunterladen von Daten oder die Installation oder Nutzung von heruntergeladener Software entstehen, wird \u2013 soweit gesetzlich zul\u00e4ssig \u2013 ausgeschlossen.<\/p>\n<p><strong>Realisierung:<\/strong><br \/>\nGRAFOKA \u2013 Katja Paulis<br \/>\nKleeborn, Breitfeld 13<br \/>\nB \u2013 4780 St.Vith<br \/>\nTel.: +32 (0)473 653 603<\/p>\n<p><strong>Hosting:<\/strong><br \/>\nNext IT<br \/>\n5, Steen<br \/>\nL-9993 Weiswampach<br \/>\n+352 2832 8888<\/p>\n","protected":false},"excerpt":{"rendered":"Impressum Verantwortlicher Herausgeber: Witrans S.A.R.L 58 RUE DU X SEPTEMBRE L-9560 WILTZ Tel.: (+352) 26 95 31 97 Copyright:\u00a0\u00a9 2024 Witrans S.A.R.L Alle Rechte vorbehalten. Text, Bilder und Grafiken sowie...","protected":false},"author":1,"featured_media":0,"parent":0,"menu_order":0,"comment_status":"closed","ping_status":"closed","template":"","meta":{"footnotes":""},"class_list":["post-376","page","type-page","status-publish"],"yoast_head":"<!-- This site is optimized with the Yoast SEO plugin v27.4 - https:\/\/yoast.com\/product\/yoast-seo-wordpress\/ -->\n<title>Impressum - Witrans<\/title>\n<meta name=\"robots\" content=\"index, follow, max-snippet:-1, max-image-preview:large, max-video-preview:-1\" \/>\n<link rel=\"canonical\" href=\"https:\/\/witrans.lu\/?page_id=376\" \/>\n<meta property=\"og:locale\" content=\"de_DE\" \/>\n<meta property=\"og:type\" content=\"article\" \/>\n<meta property=\"og:title\" content=\"Impressum - Witrans\" \/>\n<meta property=\"og:url\" content=\"https:\/\/witrans.lu\/?page_id=376\" \/>\n<meta property=\"og:site_name\" content=\"Witrans\" \/>\n<meta property=\"article:modified_time\" content=\"2024-01-17T10:06:03+00:00\" \/>\n<meta name=\"twitter:card\" content=\"summary_large_image\" \/>\n<meta name=\"twitter:label1\" content=\"Gesch\u00e4tzte Lesezeit\" \/>\n\t<meta name=\"twitter:data1\" content=\"1\u00a0Minute\" \/>\n<script type=\"application\/ld+json\" class=\"yoast-schema-graph\">{\"@context\":\"https:\\\/\\\/schema.org\",\"@graph\":[{\"@type\":\"WebPage\",\"@id\":\"https:\\\/\\\/witrans.lu\\\/?page_id=376\",\"url\":\"https:\\\/\\\/witrans.lu\\\/?page_id=376\",\"name\":\"Impressum - Witrans\",\"isPartOf\":{\"@id\":\"https:\\\/\\\/witrans.lu\\\/#website\"},\"datePublished\":\"2024-01-17T10:05:55+00:00\",\"dateModified\":\"2024-01-17T10:06:03+00:00\",\"breadcrumb\":{\"@id\":\"https:\\\/\\\/witrans.lu\\\/?page_id=376#breadcrumb\"},\"inLanguage\":\"de\",\"potentialAction\":[{\"@type\":\"ReadAction\",\"target\":[\"https:\\\/\\\/witrans.lu\\\/?page_id=376\"]}]},{\"@type\":\"BreadcrumbList\",\"@id\":\"https:\\\/\\\/witrans.lu\\\/?page_id=376#breadcrumb\",\"itemListElement\":[{\"@type\":\"ListItem\",\"position\":1,\"name\":\"Startseite\",\"item\":\"https:\\\/\\\/witrans.lu\\\/\"},{\"@type\":\"ListItem\",\"position\":2,\"name\":\"Impressum\"}]},{\"@type\":\"WebSite\",\"@id\":\"https:\\\/\\\/witrans.lu\\\/#website\",\"url\":\"https:\\\/\\\/witrans.lu\\\/\",\"name\":\"Witrans\",\"description\":\"\",\"potentialAction\":[{\"@type\":\"SearchAction\",\"target\":{\"@type\":\"EntryPoint\",\"urlTemplate\":\"https:\\\/\\\/witrans.lu\\\/?s={search_term_string}\"},\"query-input\":{\"@type\":\"PropertyValueSpecification\",\"valueRequired\":true,\"valueName\":\"search_term_string\"}}],\"inLanguage\":\"de\"}]}<\/script>\n<!-- \/ Yoast SEO plugin. -->","yoast_head_json":{"title":"Impressum - Witrans","robots":{"index":"index","follow":"follow","max-snippet":"max-snippet:-1","max-image-preview":"max-image-preview:large","max-video-preview":"max-video-preview:-1"},"canonical":"https:\/\/witrans.lu\/?page_id=376","og_locale":"de_DE","og_type":"article","og_title":"Impressum - Witrans","og_url":"https:\/\/witrans.lu\/?page_id=376","og_site_name":"Witrans","article_modified_time":"2024-01-17T10:06:03+00:00","twitter_card":"summary_large_image","twitter_misc":{"Gesch\u00e4tzte Lesezeit":"1\u00a0Minute"},"schema":{"@context":"https:\/\/schema.org","@graph":[{"@type":"WebPage","@id":"https:\/\/witrans.lu\/?page_id=376","url":"https:\/\/witrans.lu\/?page_id=376","name":"Impressum - Witrans","isPartOf":{"@id":"https:\/\/witrans.lu\/#website"},"datePublished":"2024-01-17T10:05:55+00:00","dateModified":"2024-01-17T10:06:03+00:00","breadcrumb":{"@id":"https:\/\/witrans.lu\/?page_id=376#breadcrumb"},"inLanguage":"de","potentialAction":[{"@type":"ReadAction","target":["https:\/\/witrans.lu\/?page_id=376"]}]},{"@type":"BreadcrumbList","@id":"https:\/\/witrans.lu\/?page_id=376#breadcrumb","itemListElement":[{"@type":"ListItem","position":1,"name":"Startseite","item":"https:\/\/witrans.lu\/"},{"@type":"ListItem","position":2,"name":"Impressum"}]},{"@type":"WebSite","@id":"https:\/\/witrans.lu\/#website","url":"https:\/\/witrans.lu\/","name":"Witrans","description":"","potentialAction":[{"@type":"SearchAction","target":{"@type":"EntryPoint","urlTemplate":"https:\/\/witrans.lu\/?s={search_term_string}"},"query-input":{"@type":"PropertyValueSpecification","valueRequired":true,"valueName":"search_term_string"}}],"inLanguage":"de"}]}},"_links":{"self":[{"href":"https:\/\/witrans.lu\/index.php?rest_route=\/wp\/v2\/pages\/376","targetHints":{"allow":["GET"]}}],"collection":[{"href":"https:\/\/witrans.lu\/index.php?rest_route=\/wp\/v2\/pages"}],"about":[{"href":"https:\/\/witrans.lu\/index.php?rest_route=\/wp\/v2\/types\/page"}],"author":[{"embeddable":true,"href":"https:\/\/witrans.lu\/index.php?rest_route=\/wp\/v2\/users\/1"}],"replies":[{"embeddable":true,"href":"https:\/\/witrans.lu\/index.php?rest_route=%2Fwp%2Fv2%2Fcomments&post=376"}],"version-history":[{"count":1,"href":"https:\/\/witrans.lu\/index.php?rest_route=\/wp\/v2\/pages\/376\/revisions"}],"predecessor-version":[{"id":377,"href":"https:\/\/witrans.lu\/index.php?rest_route=\/wp\/v2\/pages\/376\/revisions\/377"}],"wp:attachment":[{"href":"https:\/\/witrans.lu\/index.php?rest_route=%2Fwp%2Fv2%2Fmedia&parent=376"}],"curies":[{"name":"wp","href":"https:\/\/api.w.org\/{rel}","templated":true}]}}